{"id":81,"date":"2021-09-24T21:17:08","date_gmt":"2021-09-24T21:17:08","guid":{"rendered":"https:\/\/www.alexinstruktor.com.pl\/?page_id=81"},"modified":"2023-11-29T16:00:50","modified_gmt":"2023-11-29T16:00:50","slug":"o-mnie-3","status":"publish","type":"page","link":"https:\/\/www.alexinstruktor.com.pl\/?page_id=81","title":{"rendered":"Kim jestem?"},"content":{"rendered":"\n<h2 class=\"wp-block-heading has-text-align-center\">Profesjonalna i indywidualna opieka nad kursantami to fundament mojej pracy<\/h2>\n\n\n\n<p>Mam na imi\u0119 Alex i jestem instruktorem, kt\u00f3ry ma za sob\u0105 wieloletnie do\u015bwiadczenie w szkoleniu przysz\u0142ych kierowc\u00f3w i wprowadzaniu ich w \u015bwiat prowadzenia pojazd\u00f3w mechanicznych.<\/p>\n\n\n\n<p>Nie spoczywam na laurach i stale pog\u0142\u0119biam swoj\u0105 wiedz\u0119. Ca\u0142y czas si\u0119 doskonal\u0119 i pozyskuj\u0119 nowe umiej\u0119tno\u015bci. Wszystko po to, by\u015b czu\u0142 si\u0119 u mnie bezpiecznie, komfortowo i mia\u0142 przekonanie, \u017ce trafi\u0142e\u015b w najlepsze mo\u017cliwe miejsce. Miejsce, gdzie zostaniesz \u015bwiadomym kierowc\u0105.<\/p>\n\n\n\n<p>Mog\u0119 Ci obieca\u0107, \u017ce zrobi\u0119 wszystko, by jak najlepiej przygotowa\u0107 Ci\u0119 do egzaminu pa\u0144stwowego. Teraz pi\u0142ka jest po Twojej stronie &#8211; je\u015bli chcesz si\u0119 uczy\u0107 i wyka\u017cesz determinacj\u0119 &#8211; podziel\u0119 si\u0119 z Tob\u0105 ca\u0142ym moim do\u015bwiadczeniem i wiedz\u0105.<\/p>\n\n\n\n<p>Je\u015bli wi\u0119c cenisz sobie profesjonalizm, wysoki poziom i indywidualne podej\u015bcie, to dobrze trafi\u0142e\u015b. Zajrzyj do mnie, zadzwo\u0144 lub napisz &#8211; zapraszam.<\/p>\n\n\n\n<p class=\"has-text-align-right\">Alex<\/p>\n","protected":false},"excerpt":{"rendered":"<p>Profesjonalna i indywidualna opieka nad kursantami to fundament mojej pracy Mam na imi\u0119 Alex i jestem instruktorem, kt\u00f3ry ma za sob\u0105 wieloletnie do\u015bwiadczenie w szkoleniu przysz\u0142ych kierowc\u00f3w i wprowadzaniu ich w \u015bwiat prowadzenia pojazd\u00f3w mechanicznych. Nie spoczywam na laurach i stale pog\u0142\u0119biam swoj\u0105 wiedz\u0119. Ca\u0142y czas si\u0119 doskonal\u0119 i pozyskuj\u0119 [&hellip;]<\/p>\n","protected":false},"author":1,"featured_media":0,"parent":0,"menu_order":0,"comment_status":"closed","ping_status":"closed","template":"","meta":{"footnotes":""},"class_list":["post-81","page","type-page","status-publish","hentry"],"jetpack_sharing_enabled":true,"_links":{"self":[{"href":"https:\/\/www.alexinstruktor.com.pl\/index.php?rest_route=\/wp\/v2\/pages\/81","targetHints":{"allow":["GET"]}}],"collection":[{"href":"https:\/\/www.alexinstruktor.com.pl\/index.php?rest_route=\/wp\/v2\/pages"}],"about":[{"href":"https:\/\/www.alexinstruktor.com.pl\/index.php?rest_route=\/wp\/v2\/types\/page"}],"author":[{"embeddable":true,"href":"https:\/\/www.alexinstruktor.com.pl\/index.php?rest_route=\/wp\/v2\/users\/1"}],"replies":[{"embeddable":true,"href":"https:\/\/www.alexinstruktor.com.pl\/index.php?rest_route=%2Fwp%2Fv2%2Fcomments&post=81"}],"version-history":[{"count":3,"href":"https:\/\/www.alexinstruktor.com.pl\/index.php?rest_route=\/wp\/v2\/pages\/81\/revisions"}],"predecessor-version":[{"id":262,"href":"https:\/\/www.alexinstruktor.com.pl\/index.php?rest_route=\/wp\/v2\/pages\/81\/revisions\/262"}],"wp:attachment":[{"href":"https:\/\/www.alexinstruktor.com.pl\/index.php?rest_route=%2Fwp%2Fv2%2Fmedia&parent=81"}],"curies":[{"name":"wp","href":"https:\/\/api.w.org\/{rel}","templated":true}]}}